{"id":18,"date":"2020-01-12T14:36:46","date_gmt":"2020-01-12T14:36:46","guid":{"rendered":"http:\/\/kulturforum-sibbesse.de\/?page_id=18"},"modified":"2020-01-12T17:10:24","modified_gmt":"2020-01-12T16:10:24","slug":"kontakt","status":"publish","type":"page","link":"http:\/\/kulturforum-sibbesse.de\/?page_id=18","title":{"rendered":"Kontakt"},"content":{"rendered":"\n<p>Vorsitzende:<\/p>\n\n\n\n<p>Sabine Hartmann<br>An der H\u00f6he 15<br>31079 Sibbesse<br>05065 1781<br>kontakt@kulturforum-sibbesse.de<\/p>\n\n\n\n<p><strong>Technischer Kontakt \/ Webmaster:<\/strong><br>Andreas Hartmann<br>webmaster@kulturforum-sibbesse.de<\/p>\n\n\n\n<h2 class=\"wp-block-heading\">Haftungsbeschr\u00e4nkung<\/h2>\n\n\n\n<p><strong>Inhalte dieser Website<\/strong><br> Die Inhalte dieser \nWebsite werden mit gr\u00f6\u00dftm\u00f6glicher Sorgfalt erstellt.  Wir \u00fcbernehmen \njedoch keine Gew\u00e4hr f\u00fcr die Richtigkeit, Vollst\u00e4ndigkeit  und Aktualit\u00e4t\n der bereitgestellten Inhalte. Die Nutzung der abrufbaren  Inhalte \nerfolgt auf eigene Gefahr des Nutzers. Namentlich  gekennzeichnete \nBeitr\u00e4ge geben die Meinung des jeweiligen Autors und wieder.<\/p>\n\n\n\n<p><strong>Externe Links<\/strong><\/p>\n\n\n\n<p>Diese Website enth\u00e4lt Verkn\u00fcpfungen zu Websites \nDritter  (\u201eexterne Links\u201c). Diese Websites unterliegen der Haftung der \njeweiligen  Betreiber. Bei der erstmaligen Verkn\u00fcpfung der externen \nLinks wurden die fremden Inhalte daraufhin \u00fcberpr\u00fcft, ob etwaige \nRechtsverst\u00f6\u00dfe  bestehen. Zu dem Zeitpunkt waren keine Rechtsverst\u00f6\u00dfe \nersichtlich. Wir haben keinerlei Einfluss auf die aktuelle und \nzuk\u00fcnftige Gestaltung und  auf die Inhalte der verkn\u00fcpften Seiten. Das \nSetzen von externen Links  bedeutet nicht, dass wir uns die hinter dem \nVerweis oder Link liegenden  Inhalte zu Eigen mache. Eine st\u00e4ndige \nKontrolle dieser externen Links  ist ohne konkrete Hinweise auf \nRechtsverst\u00f6\u00dfe nicht zumutbar.  Bei Kenntnis von Rechtsverst\u00f6\u00dfen werden \njedoch derartige externe Links  unverz\u00fcglich gel\u00f6scht.<\/p>\n\n\n\n<h2 class=\"wp-block-heading\"><strong>Datenschutz<\/strong><\/h2>\n\n\n\n<p>Durch den Besuch derWebsite&nbsp;k\u00f6nnen Informationen \u00fcber den Zugriff  \n(Datum, Uhrzeit, betrachtete Seite) auf dem Server gespeichert werden.  \nDiese Daten geh\u00f6ren nicht zu den personenbezogenen Daten, sondern sind  \nanonymisiert. Sie werden ausschlie\u00dflich zu statistischen Zwecken  \nausgewertet. Eine Weitergabe an Dritte, zu kommerziellen oder  \nnichtkommerziellen Zwecken, findet nicht statt.<\/p>\n\n\n\n<p>Wir weisen ausdr\u00fccklich darauf hin, dass die Daten\u00fcbertragung im  \nInternet (z. B. bei der Kommunikation per E-Mail) Sicherheitsl\u00fccken  \naufweist und nicht l\u00fcckenlos vor dem Zugriff durch Dritte gesch\u00fctzt  \nwerden kann.<\/p>\n","protected":false},"excerpt":{"rendered":"<p>Vorsitzende: Sabine HartmannAn der H\u00f6he 1531079 Sibbesse05065 1781kontakt@kulturforum-sibbesse.de Technischer Kontakt \/ Webmaster:Andreas Hartmannwebmaster@kulturforum-sibbesse.de Haftungsbeschr\u00e4nkung Inhalte dieser Website Die Inhalte dieser Website werden mit gr\u00f6\u00dftm\u00f6glicher Sorgfalt erstellt. Wir \u00fcbernehmen jedoch keine Gew\u00e4hr f\u00fcr die Richtigkeit, Vollst\u00e4ndigkeit und Aktualit\u00e4t der bereitgestellten Inhalte. Die Nutzung der abrufbaren Inhalte erfolgt auf eigene Gefahr des Nutzers. Namentlich gekennzeichnete Beitr\u00e4ge geben &hellip; <\/p>\n<p class=\"link-more\"><a href=\"http:\/\/kulturforum-sibbesse.de\/?page_id=18\" class=\"more-link\"><span class=\"screen-reader-text\">\u201eKontakt\u201c <\/span>weiterlesen<\/a><\/p>\n","protected":false},"author":2,"featured_media":0,"parent":0,"menu_order":0,"comment_status":"closed","ping_status":"closed","template":"","meta":{"footnotes":""},"class_list":["post-18","page","type-page","status-publish","hentry"],"_links":{"self":[{"href":"http:\/\/kulturforum-sibbesse.de\/index.php?rest_route=\/wp\/v2\/pages\/18","targetHints":{"allow":["GET"]}}],"collection":[{"href":"http:\/\/kulturforum-sibbesse.de\/index.php?rest_route=\/wp\/v2\/pages"}],"about":[{"href":"http:\/\/kulturforum-sibbesse.de\/index.php?rest_route=\/wp\/v2\/types\/page"}],"author":[{"embeddable":true,"href":"http:\/\/kulturforum-sibbesse.de\/index.php?rest_route=\/wp\/v2\/users\/2"}],"replies":[{"embeddable":true,"href":"http:\/\/kulturforum-sibbesse.de\/index.php?rest_route=%2Fwp%2Fv2%2Fcomments&post=18"}],"version-history":[{"count":3,"href":"http:\/\/kulturforum-sibbesse.de\/index.php?rest_route=\/wp\/v2\/pages\/18\/revisions"}],"predecessor-version":[{"id":62,"href":"http:\/\/kulturforum-sibbesse.de\/index.php?rest_route=\/wp\/v2\/pages\/18\/revisions\/62"}],"wp:attachment":[{"href":"http:\/\/kulturforum-sibbesse.de\/index.php?rest_route=%2Fwp%2Fv2%2Fmedia&parent=18"}],"curies":[{"name":"wp","href":"https:\/\/api.w.org\/{rel}","templated":true}]}}