{"id":44,"date":"2020-01-12T16:13:30","date_gmt":"2020-01-12T15:13:30","guid":{"rendered":"http:\/\/kulturforum-sibbesse.de\/?page_id=44"},"modified":"2020-01-12T16:20:56","modified_gmt":"2020-01-12T15:20:56","slug":"projekte","status":"publish","type":"page","link":"http:\/\/kulturforum-sibbesse.de\/?page_id=44","title":{"rendered":"Projekte"},"content":{"rendered":"\n<figure class=\"wp-block-image\"><img loading=\"lazy\" decoding=\"async\" width=\"1024\" height=\"459\" src=\"http:\/\/kulturforum-sibbesse.de\/wp-content\/uploads\/2020\/01\/KulturFru\u0308hlingSibbesse-1-1024x459.png\" alt=\"\" class=\"wp-image-56\" srcset=\"http:\/\/kulturforum-sibbesse.de\/wp-content\/uploads\/2020\/01\/KulturFru\u0308hlingSibbesse-1-1024x459.png 1024w, http:\/\/kulturforum-sibbesse.de\/wp-content\/uploads\/2020\/01\/KulturFru\u0308hlingSibbesse-1-300x134.png 300w, http:\/\/kulturforum-sibbesse.de\/wp-content\/uploads\/2020\/01\/KulturFru\u0308hlingSibbesse-1-768x344.png 768w\" sizes=\"auto, (max-width: 767px) 89vw, (max-width: 1000px) 54vw, (max-width: 1071px) 543px, 580px\" \/><\/figure>\n\n\n\n<h2 class=\"wp-block-heading\">K\u00fcnstler, Maler, Fotografen, Musiker, Autoren, Bildhauer, Kunsthandwerker, \u2026 aus Sibbesse und Umgebung pr\u00e4sentieren sich beim KulturFr\u00fchling, Mitmachaktionen, B\u00fchnenprogramm und Kuchenbuffet<\/h2>\n","protected":false},"excerpt":{"rendered":"<p>K\u00fcnstler, Maler, Fotografen, Musiker, Autoren, Bildhauer, Kunsthandwerker, \u2026 aus Sibbesse und Umgebung pr\u00e4sentieren sich beim KulturFr\u00fchling, Mitmachaktionen, B\u00fchnenprogramm und Kuchenbuffet<\/p>\n","protected":false},"author":2,"featured_media":0,"parent":0,"menu_order":0,"comment_status":"closed","ping_status":"closed","template":"","meta":{"footnotes":""},"class_list":["post-44","page","type-page","status-publish","hentry"],"_links":{"self":[{"href":"http:\/\/kulturforum-sibbesse.de\/index.php?rest_route=\/wp\/v2\/pages\/44","targetHints":{"allow":["GET"]}}],"collection":[{"href":"http:\/\/kulturforum-sibbesse.de\/index.php?rest_route=\/wp\/v2\/pages"}],"about":[{"href":"http:\/\/kulturforum-sibbesse.de\/index.php?rest_route=\/wp\/v2\/types\/page"}],"author":[{"embeddable":true,"href":"http:\/\/kulturforum-sibbesse.de\/index.php?rest_route=\/wp\/v2\/users\/2"}],"replies":[{"embeddable":true,"href":"http:\/\/kulturforum-sibbesse.de\/index.php?rest_route=%2Fwp%2Fv2%2Fcomments&post=44"}],"version-history":[{"count":2,"href":"http:\/\/kulturforum-sibbesse.de\/index.php?rest_route=\/wp\/v2\/pages\/44\/revisions"}],"predecessor-version":[{"id":57,"href":"http:\/\/kulturforum-sibbesse.de\/index.php?rest_route=\/wp\/v2\/pages\/44\/revisions\/57"}],"wp:attachment":[{"href":"http:\/\/kulturforum-sibbesse.de\/index.php?rest_route=%2Fwp%2Fv2%2Fmedia&parent=44"}],"curies":[{"name":"wp","href":"https:\/\/api.w.org\/{rel}","templated":true}]}}